{"id":93,"date":"2025-10-27T23:15:27","date_gmt":"2025-10-27T23:15:27","guid":{"rendered":"https:\/\/alcsie.com\/?page_id=93"},"modified":"2025-11-05T05:23:11","modified_gmt":"2025-11-05T05:23:11","slug":"about","status":"publish","type":"page","link":"https:\/\/alcs.com.mx\/index.php\/about\/","title":{"rendered":"ABOUT"},"content":{"rendered":"\t\t<div data-elementor-type=\"wp-page\" data-elementor-id=\"93\" class=\"elementor elementor-93\">\n\t\t\t\t<div class=\"elementor-element elementor-element-a317316 e-flex e-con-boxed wpr-particle-no wpr-jarallax-no wpr-parallax-no wpr-sticky-section-no e-con e-parent\" data-id=\"a317316\" data-element_type=\"container\" data-settings=\"{&quot;background_background&quot;:&quot;classic&quot;,&quot;shape_divider_top&quot;:&quot;clouds&quot;}\">\n\t\t\t\t\t<div class=\"e-con-inner\">\n\t\t\t\t<div class=\"elementor-shape elementor-shape-top\" aria-hidden=\"true\" data-negative=\"false\">\n\t\t\t<svg xmlns=\"http:\/\/www.w3.org\/2000\/svg\" viewBox=\"0 0 283.5 27.8\" preserveAspectRatio=\"xMidYMax slice\">\n  <path class=\"elementor-shape-fill\" d=\"M0 0v6.7c1.9-.8 4.7-1.4 8.5-1 9.5 1.1 11.1 6 11.1 6s2.1-.7 4.3-.2c2.1.5 2.8 2.6 2.8 2.6s.2-.5 1.4-.7c1.2-.2 1.7.2 1.7.2s0-2.1 1.9-2.8c1.9-.7 3.6.7 3.6.7s.7-2.9 3.1-4.1 4.7 0 4.7 0 1.2-.5 2.4 0 1.7 1.4 1.7 1.4h1.4c.7 0 1.2.7 1.2.7s.8-1.8 4-2.2c3.5-.4 5.3 2.4 6.2 4.4.4-.4 1-.7 1.8-.9 2.8-.7 4 .7 4 .7s1.7-5 11.1-6c9.5-1.1 12.3 3.9 12.3 3.9s1.2-4.8 5.7-5.7c4.5-.9 6.8 1.8 6.8 1.8s.6-.6 1.5-.9c.9-.2 1.9-.2 1.9-.2s5.2-6.4 12.6-3.3c7.3 3.1 4.7 9 4.7 9s1.9-.9 4 0 2.8 2.4 2.8 2.4 1.9-1.2 4.5-1.2 4.3 1.2 4.3 1.2.2-1 1.4-1.7 2.1-.7 2.1-.7-.5-3.1 2.1-5.5 5.7-1.4 5.7-1.4 1.5-2.3 4.2-1.1c2.7 1.2 1.7 5.2 1.7 5.2s.3-.1 1.3.5c.5.4.8.8.9 1.1.5-1.4 2.4-5.8 8.4-4 7.1 2.1 3.5 8.9 3.5 8.9s.8-.4 2 0 1.1 1.1 1.1 1.1 1.1-1.1 2.3-1.1 2.1.5 2.1.5 1.9-3.6 6.2-1.2 1.9 6.4 1.9 6.4 2.6-2.4 7.4 0c3.4 1.7 3.9 4.9 3.9 4.9s3.3-6.9 10.4-7.9 11.5 2.6 11.5 2.6.8 0 1.2.2c.4.2.9.9.9.9s4.4-3.1 8.3.2c1.9 1.7 1.5 5 1.5 5s.3-1.1 1.6-1.4c1.3-.3 2.3.2 2.3.2s-.1-1.2.5-1.9 1.9-.9 1.9-.9-4.7-9.3 4.4-13.4c5.6-2.5 9.2.9 9.2.9s5-6.2 15.9-6.2 16.1 8.1 16.1 8.1.7-.2 1.6-.4V0H0z\"\/>\n<\/svg>\n\t\t<\/div>\n\t\t<div class=\"elementor-element elementor-element-4d497a7 e-con-full e-flex wpr-particle-no wpr-jarallax-no wpr-parallax-no wpr-sticky-section-no e-con e-child\" data-id=\"4d497a7\" data-element_type=\"container\">\n\t\t\t\t<div class=\"elementor-element elementor-element-e0207c0 elementor-widget elementor-widget-image\" data-id=\"e0207c0\" data-element_type=\"widget\" data-widget_type=\"image.default\">\n\t\t\t\t\t\t\t\t\t\t\t\t\t\t\t<img fetchpriority=\"high\" decoding=\"async\" width=\"1024\" height=\"341\" src=\"https:\/\/alcs.com.mx\/wp-content\/uploads\/2025\/10\/cropped-ALCSAzul-137x46.png\" class=\"attachment-large size-large wp-image-31\" alt=\"\" srcset=\"https:\/\/alcs.com.mx\/wp-content\/uploads\/2025\/10\/cropped-ALCSAzul-1024x341.png 1024w, https:\/\/alcs.com.mx\/wp-content\/uploads\/2025\/10\/cropped-ALCSAzul-300x100.png 300w, https:\/\/alcs.com.mx\/wp-content\/uploads\/2025\/10\/cropped-ALCSAzul-768x256.png 768w, https:\/\/alcs.com.mx\/wp-content\/uploads\/2025\/10\/cropped-ALCSAzul-137x46.png 137w, https:\/\/alcs.com.mx\/wp-content\/uploads\/2025\/10\/cropped-ALCSAzul.png 1500w\" sizes=\"(max-width: 1024px) 100vw, 1024px\" \/>\t\t\t\t\t\t\t\t\t\t\t\t\t\t\t<\/div>\n\t\t\t\t<div class=\"elementor-element elementor-element-d482946 elementor-widget elementor-widget-text-editor\" data-id=\"d482946\" data-element_type=\"widget\" data-widget_type=\"text-editor.default\">\n\t\t\t\t\t\t\t\t\t<p>Somos una consultor\u00eda de negocios con una probada trayectoria al servicio de organizaciones de alto nivel, incluyendo clientes nacionales e importantes corporaciones multinacionales. A lo largo de los a\u00f1os, nos hemos consolidado como un referente de <b>liderazgo<\/b> en el sector, gracias a nuestro compromiso inquebrantable con la calidad. Nuestra filosof\u00eda se centra en la <b>atenci\u00f3n a medida<\/b>: brindamos un servicio profundamente <b>personalizado<\/b>, entendiendo que cada uno de nuestros socios de negocios enfrenta retos \u00fanicos. Por ello, dise\u00f1amos soluciones estrat\u00e9gicas espec\u00edficas que impulsan su crecimiento, optimizan sus procesos y aseguran el logro de sus metas m\u00e1s ambiciosas.<\/p>\t\t\t\t\t\t\t\t<\/div>\n\t\t\t\t<\/div>\n\t\t\t\t\t<\/div>\n\t\t\t\t<\/div>\n\t\t<div class=\"elementor-element elementor-element-3e245cc e-flex e-con-boxed wpr-particle-no wpr-jarallax-no wpr-parallax-no wpr-sticky-section-no e-con e-parent\" data-id=\"3e245cc\" data-element_type=\"container\">\n\t\t\t\t\t<div class=\"e-con-inner\">\n\t\t<div class=\"elementor-element elementor-element-451a635 e-con-full e-flex wpr-particle-no wpr-jarallax-no wpr-parallax-no wpr-sticky-section-no e-con e-child\" data-id=\"451a635\" data-element_type=\"container\">\n\t\t<div class=\"elementor-element elementor-element-9233d9d e-con-full e-flex wpr-particle-no wpr-jarallax-no wpr-parallax-no wpr-sticky-section-no e-con e-child\" data-id=\"9233d9d\" data-element_type=\"container\">\n\t\t<div class=\"elementor-element elementor-element-b0ff8ac e-con-full e-flex wpr-particle-no wpr-jarallax-no wpr-parallax-no wpr-sticky-section-no e-con e-child\" data-id=\"b0ff8ac\" data-element_type=\"container\">\n\t\t\t\t<\/div>\n\t\t\t\t<div class=\"elementor-element elementor-element-4cb326d elementor-widget elementor-widget-image\" data-id=\"4cb326d\" data-element_type=\"widget\" data-widget_type=\"image.default\">\n\t\t\t\t\t\t\t\t\t\t\t\t\t\t\t<img decoding=\"async\" width=\"683\" height=\"1024\" src=\"https:\/\/alcs.com.mx\/wp-content\/uploads\/2025\/10\/equipo-de-negocios-exitosos-de-apilamiento-manos-683x1024.jpg\" class=\"attachment-large size-large wp-image-102\" alt=\"\" srcset=\"https:\/\/alcs.com.mx\/wp-content\/uploads\/2025\/10\/equipo-de-negocios-exitosos-de-apilamiento-manos-683x1024.jpg 683w, https:\/\/alcs.com.mx\/wp-content\/uploads\/2025\/10\/equipo-de-negocios-exitosos-de-apilamiento-manos-200x300.jpg 200w, https:\/\/alcs.com.mx\/wp-content\/uploads\/2025\/10\/equipo-de-negocios-exitosos-de-apilamiento-manos-768x1152.jpg 768w, https:\/\/alcs.com.mx\/wp-content\/uploads\/2025\/10\/equipo-de-negocios-exitosos-de-apilamiento-manos-1024x1536.jpg 1024w, https:\/\/alcs.com.mx\/wp-content\/uploads\/2025\/10\/equipo-de-negocios-exitosos-de-apilamiento-manos-1365x2048.jpg 1365w, https:\/\/alcs.com.mx\/wp-content\/uploads\/2025\/10\/equipo-de-negocios-exitosos-de-apilamiento-manos-scaled.jpg 1707w\" sizes=\"(max-width: 683px) 100vw, 683px\" \/>\t\t\t\t\t\t\t\t\t\t\t\t\t\t\t<\/div>\n\t\t\t\t<\/div>\n\t\t<div class=\"elementor-element elementor-element-f922000 e-con-full e-flex wpr-particle-no wpr-jarallax-no wpr-parallax-no wpr-sticky-section-no e-con e-child\" data-id=\"f922000\" data-element_type=\"container\">\n\t\t\t\t<div class=\"elementor-element elementor-element-ec2742b elementor-widget elementor-widget-image\" data-id=\"ec2742b\" data-element_type=\"widget\" data-widget_type=\"image.default\">\n\t\t\t\t\t\t\t\t\t\t\t\t\t\t\t<img decoding=\"async\" width=\"683\" height=\"1024\" src=\"https:\/\/alcs.com.mx\/wp-content\/uploads\/2025\/10\/miembros-de-los-sindicatos-trabajando-juntos-1-683x1024.jpg\" class=\"attachment-large size-large wp-image-103\" alt=\"\" srcset=\"https:\/\/alcs.com.mx\/wp-content\/uploads\/2025\/10\/miembros-de-los-sindicatos-trabajando-juntos-1-683x1024.jpg 683w, https:\/\/alcs.com.mx\/wp-content\/uploads\/2025\/10\/miembros-de-los-sindicatos-trabajando-juntos-1-200x300.jpg 200w, https:\/\/alcs.com.mx\/wp-content\/uploads\/2025\/10\/miembros-de-los-sindicatos-trabajando-juntos-1-768x1152.jpg 768w, https:\/\/alcs.com.mx\/wp-content\/uploads\/2025\/10\/miembros-de-los-sindicatos-trabajando-juntos-1-1024x1536.jpg 1024w, https:\/\/alcs.com.mx\/wp-content\/uploads\/2025\/10\/miembros-de-los-sindicatos-trabajando-juntos-1-1365x2048.jpg 1365w, https:\/\/alcs.com.mx\/wp-content\/uploads\/2025\/10\/miembros-de-los-sindicatos-trabajando-juntos-1-scaled.jpg 1707w\" sizes=\"(max-width: 683px) 100vw, 683px\" \/>\t\t\t\t\t\t\t\t\t\t\t\t\t\t\t<\/div>\n\t\t<div class=\"elementor-element elementor-element-62054ce e-con-full e-flex wpr-particle-no wpr-jarallax-no wpr-parallax-no wpr-sticky-section-no e-con e-child\" data-id=\"62054ce\" data-element_type=\"container\">\n\t\t\t\t<\/div>\n\t\t\t\t<\/div>\n\t\t\t\t<\/div>\n\t\t<div class=\"elementor-element elementor-element-4d45cf8 e-con-full e-flex wpr-particle-no wpr-jarallax-no wpr-parallax-no wpr-sticky-section-no e-con e-child\" data-id=\"4d45cf8\" data-element_type=\"container\">\n\t\t\t\t<div class=\"elementor-element elementor-element-de4859e elementor-widget elementor-widget-heading\" data-id=\"de4859e\" data-element_type=\"widget\" data-widget_type=\"heading.default\">\n\t\t\t\t\t<h3 class=\"elementor-heading-title elementor-size-default\">Nuestra Misi\u00f3n<\/h3>\t\t\t\t<\/div>\n\t\t\t\t<div class=\"elementor-element elementor-element-a671aa6 elementor-widget elementor-widget-text-editor\" data-id=\"a671aa6\" data-element_type=\"widget\" data-widget_type=\"text-editor.default\">\n\t\t\t\t\t\t\t\t\t<p>Ofrecer una amplia gama de SOLUCIONES integrales que representen un beneficio real para quienes reciban nuestros servicios, con lo cual pueden optimizar y reducir su carga financiera, administrativa y operacional, a trav\u00e9s de un equipo de profesionales especializado.<\/p>\t\t\t\t\t\t\t\t<\/div>\n\t\t\t\t<\/div>\n\t\t\t\t\t<\/div>\n\t\t\t\t<\/div>\n\t\t<div class=\"elementor-element elementor-element-19123c0 e-flex e-con-boxed wpr-particle-no wpr-jarallax-no wpr-parallax-no wpr-sticky-section-no e-con e-parent\" data-id=\"19123c0\" data-element_type=\"container\">\n\t\t\t\t\t<div class=\"e-con-inner\">\n\t\t<div class=\"elementor-element elementor-element-145988d e-con-full e-flex wpr-particle-no wpr-jarallax-no wpr-parallax-no wpr-sticky-section-no e-con e-child\" data-id=\"145988d\" data-element_type=\"container\">\n\t\t\t\t<div class=\"elementor-element elementor-element-6acc828 elementor-widget elementor-widget-heading\" data-id=\"6acc828\" data-element_type=\"widget\" data-widget_type=\"heading.default\">\n\t\t\t\t\t<h3 class=\"elementor-heading-title elementor-size-default\">Nuestra Visi\u00f3n<\/h3>\t\t\t\t<\/div>\n\t\t\t\t<div class=\"elementor-element elementor-element-a429d3b elementor-widget elementor-widget-text-editor\" data-id=\"a429d3b\" data-element_type=\"widget\" data-widget_type=\"text-editor.default\">\n\t\t\t\t\t\t\t\t\t<p>Ser la firma l\u00edder de consultores en M\u00e9xico, por especializaci\u00f3n y posicionamiento en el mercado, sirviendo a nuestros socios de negocio con los m\u00e1s altos est\u00e1ndares de calidad y\u00a0 profesionalismo, con el prop\u00f3sito de impulsar el crecimiento empresarial de los mismos.<\/p>\t\t\t\t\t\t\t\t<\/div>\n\t\t\t\t<\/div>\n\t\t<div class=\"elementor-element elementor-element-3a439de e-con-full e-flex wpr-particle-no wpr-jarallax-no wpr-parallax-no wpr-sticky-section-no e-con e-child\" data-id=\"3a439de\" data-element_type=\"container\">\n\t\t<div class=\"elementor-element elementor-element-41ceeac e-con-full e-flex wpr-particle-no wpr-jarallax-no wpr-parallax-no wpr-sticky-section-no e-con e-child\" data-id=\"41ceeac\" data-element_type=\"container\">\n\t\t<div class=\"elementor-element elementor-element-1116d4d e-con-full e-flex wpr-particle-no wpr-jarallax-no wpr-parallax-no wpr-sticky-section-no e-con e-child\" data-id=\"1116d4d\" data-element_type=\"container\">\n\t\t\t\t<\/div>\n\t\t\t\t<div class=\"elementor-element elementor-element-7a68565 elementor-widget elementor-widget-image\" data-id=\"7a68565\" data-element_type=\"widget\" data-widget_type=\"image.default\">\n\t\t\t\t\t\t\t\t\t\t\t\t\t\t\t<img loading=\"lazy\" decoding=\"async\" width=\"683\" height=\"1024\" src=\"https:\/\/alcs.com.mx\/wp-content\/uploads\/2025\/10\/el-empresario-moderno-utiliza-graficos-digitales-y-analisis-para-mejorar-los-modelos-financieros-683x1024.jpg\" class=\"attachment-large size-large wp-image-105\" alt=\"\" srcset=\"https:\/\/alcs.com.mx\/wp-content\/uploads\/2025\/10\/el-empresario-moderno-utiliza-graficos-digitales-y-analisis-para-mejorar-los-modelos-financieros-683x1024.jpg 683w, https:\/\/alcs.com.mx\/wp-content\/uploads\/2025\/10\/el-empresario-moderno-utiliza-graficos-digitales-y-analisis-para-mejorar-los-modelos-financieros-200x300.jpg 200w, https:\/\/alcs.com.mx\/wp-content\/uploads\/2025\/10\/el-empresario-moderno-utiliza-graficos-digitales-y-analisis-para-mejorar-los-modelos-financieros-768x1152.jpg 768w, https:\/\/alcs.com.mx\/wp-content\/uploads\/2025\/10\/el-empresario-moderno-utiliza-graficos-digitales-y-analisis-para-mejorar-los-modelos-financieros-1024x1536.jpg 1024w, https:\/\/alcs.com.mx\/wp-content\/uploads\/2025\/10\/el-empresario-moderno-utiliza-graficos-digitales-y-analisis-para-mejorar-los-modelos-financieros-1365x2048.jpg 1365w, https:\/\/alcs.com.mx\/wp-content\/uploads\/2025\/10\/el-empresario-moderno-utiliza-graficos-digitales-y-analisis-para-mejorar-los-modelos-financieros-scaled.jpg 1707w\" sizes=\"(max-width: 683px) 100vw, 683px\" \/>\t\t\t\t\t\t\t\t\t\t\t\t\t\t\t<\/div>\n\t\t\t\t<\/div>\n\t\t<div class=\"elementor-element elementor-element-af486b8 e-con-full e-flex wpr-particle-no wpr-jarallax-no wpr-parallax-no wpr-sticky-section-no e-con e-child\" data-id=\"af486b8\" data-element_type=\"container\">\n\t\t\t\t<div class=\"elementor-element elementor-element-4220df2 elementor-widget elementor-widget-image\" data-id=\"4220df2\" data-element_type=\"widget\" data-widget_type=\"image.default\">\n\t\t\t\t\t\t\t\t\t\t\t\t\t\t\t<img loading=\"lazy\" decoding=\"async\" width=\"683\" height=\"1024\" src=\"https:\/\/alcs.com.mx\/wp-content\/uploads\/2025\/10\/mujer-creando-su-propio-tablero-de-vision-683x1024.jpg\" class=\"attachment-large size-large wp-image-106\" alt=\"\" srcset=\"https:\/\/alcs.com.mx\/wp-content\/uploads\/2025\/10\/mujer-creando-su-propio-tablero-de-vision-683x1024.jpg 683w, https:\/\/alcs.com.mx\/wp-content\/uploads\/2025\/10\/mujer-creando-su-propio-tablero-de-vision-200x300.jpg 200w, https:\/\/alcs.com.mx\/wp-content\/uploads\/2025\/10\/mujer-creando-su-propio-tablero-de-vision-768x1152.jpg 768w, https:\/\/alcs.com.mx\/wp-content\/uploads\/2025\/10\/mujer-creando-su-propio-tablero-de-vision-1024x1536.jpg 1024w, https:\/\/alcs.com.mx\/wp-content\/uploads\/2025\/10\/mujer-creando-su-propio-tablero-de-vision-1365x2048.jpg 1365w, https:\/\/alcs.com.mx\/wp-content\/uploads\/2025\/10\/mujer-creando-su-propio-tablero-de-vision-scaled.jpg 1707w\" sizes=\"(max-width: 683px) 100vw, 683px\" \/>\t\t\t\t\t\t\t\t\t\t\t\t\t\t\t<\/div>\n\t\t<div class=\"elementor-element elementor-element-3efecda e-con-full e-flex wpr-particle-no wpr-jarallax-no wpr-parallax-no wpr-sticky-section-no e-con e-child\" data-id=\"3efecda\" data-element_type=\"container\">\n\t\t\t\t<\/div>\n\t\t\t\t<\/div>\n\t\t\t\t<\/div>\n\t\t\t\t\t<\/div>\n\t\t\t\t<\/div>\n\t\t<div class=\"elementor-element elementor-element-7fb918f e-con-full elementor-hidden-tablet elementor-hidden-mobile e-flex wpr-particle-no wpr-jarallax-no wpr-parallax-no wpr-sticky-section-no e-con e-parent\" data-id=\"7fb918f\" data-element_type=\"container\" data-settings=\"{&quot;background_background&quot;:&quot;classic&quot;}\">\n\t\t\t\t<div class=\"elementor-element elementor-element-a859146 elementor-widget elementor-widget-heading\" data-id=\"a859146\" data-element_type=\"widget\" data-widget_type=\"heading.default\">\n\t\t\t\t\t<h3 class=\"elementor-heading-title elementor-size-default\">Nuestros Valores<\/h3>\t\t\t\t<\/div>\n\t\t<div class=\"elementor-element elementor-element-d4625e0 e-con-full e-flex wpr-particle-no wpr-jarallax-no wpr-parallax-no wpr-sticky-section-no e-con e-child\" data-id=\"d4625e0\" data-element_type=\"container\">\n\t\t\t\t<div class=\"elementor-element elementor-element-60c96c3 elementor-view-stacked elementor-shape-square elementor-widget__width-initial elementor-position-top elementor-mobile-position-top elementor-widget elementor-widget-icon-box\" data-id=\"60c96c3\" data-element_type=\"widget\" data-widget_type=\"icon-box.default\">\n\t\t\t\t\t\t\t<div class=\"elementor-icon-box-wrapper\">\n\n\t\t\t\t\t\t<div class=\"elementor-icon-box-icon\">\n\t\t\t\t<span  class=\"elementor-icon elementor-animation-shrink\">\n\t\t\t\t<i aria-hidden=\"true\" class=\"fas fa-hand-holding-heart\"><\/i>\t\t\t\t<\/span>\n\t\t\t<\/div>\n\t\t\t\n\t\t\t\t\t\t<div class=\"elementor-icon-box-content\">\n\n\t\t\t\t\t\t\t\t\t<h4 class=\"elementor-icon-box-title\">\n\t\t\t\t\t\t<span  >\n\t\t\t\t\t\t\tRespeto\t\t\t\t\t\t<\/span>\n\t\t\t\t\t<\/h4>\n\t\t\t\t\n\t\t\t\t\n\t\t\t<\/div>\n\t\t\t\n\t\t<\/div>\n\t\t\t\t\t\t<\/div>\n\t\t\t\t<div class=\"elementor-element elementor-element-bcc7381 elementor-view-stacked elementor-shape-square elementor-widget__width-initial elementor-position-top elementor-mobile-position-top elementor-widget elementor-widget-icon-box\" data-id=\"bcc7381\" data-element_type=\"widget\" data-widget_type=\"icon-box.default\">\n\t\t\t\t\t\t\t<div class=\"elementor-icon-box-wrapper\">\n\n\t\t\t\t\t\t<div class=\"elementor-icon-box-icon\">\n\t\t\t\t<span  class=\"elementor-icon elementor-animation-shrink\">\n\t\t\t\t<i aria-hidden=\"true\" class=\"fas fa-hands-helping\"><\/i>\t\t\t\t<\/span>\n\t\t\t<\/div>\n\t\t\t\n\t\t\t\t\t\t<div class=\"elementor-icon-box-content\">\n\n\t\t\t\t\t\t\t\t\t<h4 class=\"elementor-icon-box-title\">\n\t\t\t\t\t\t<span  >\n\t\t\t\t\t\t\tCompromiso\t\t\t\t\t\t<\/span>\n\t\t\t\t\t<\/h4>\n\t\t\t\t\n\t\t\t\t\t\t\t\t\t<p class=\"elementor-icon-box-description\">\n\t\t\t\t\t\t.\t\t\t\t\t<\/p>\n\t\t\t\t\n\t\t\t<\/div>\n\t\t\t\n\t\t<\/div>\n\t\t\t\t\t\t<\/div>\n\t\t\t\t<div class=\"elementor-element elementor-element-7011d55 elementor-view-stacked elementor-shape-square elementor-widget__width-initial elementor-position-top elementor-mobile-position-top elementor-widget elementor-widget-icon-box\" data-id=\"7011d55\" data-element_type=\"widget\" data-widget_type=\"icon-box.default\">\n\t\t\t\t\t\t\t<div class=\"elementor-icon-box-wrapper\">\n\n\t\t\t\t\t\t<div class=\"elementor-icon-box-icon\">\n\t\t\t\t<span  class=\"elementor-icon elementor-animation-shrink\">\n\t\t\t\t<i aria-hidden=\"true\" class=\"fas fa-handshake\"><\/i>\t\t\t\t<\/span>\n\t\t\t<\/div>\n\t\t\t\n\t\t\t\t\t\t<div class=\"elementor-icon-box-content\">\n\n\t\t\t\t\t\t\t\t\t<h4 class=\"elementor-icon-box-title\">\n\t\t\t\t\t\t<span  >\n\t\t\t\t\t\t\tPerseverancia\t\t\t\t\t\t<\/span>\n\t\t\t\t\t<\/h4>\n\t\t\t\t\n\t\t\t\t\n\t\t\t<\/div>\n\t\t\t\n\t\t<\/div>\n\t\t\t\t\t\t<\/div>\n\t\t\t\t<div class=\"elementor-element elementor-element-6f1c014 elementor-view-stacked elementor-shape-square elementor-widget__width-initial elementor-position-top elementor-mobile-position-top elementor-widget elementor-widget-icon-box\" data-id=\"6f1c014\" data-element_type=\"widget\" data-widget_type=\"icon-box.default\">\n\t\t\t\t\t\t\t<div class=\"elementor-icon-box-wrapper\">\n\n\t\t\t\t\t\t<div class=\"elementor-icon-box-icon\">\n\t\t\t\t<span  class=\"elementor-icon elementor-animation-shrink\">\n\t\t\t\t<i aria-hidden=\"true\" class=\"fas fa-hand-holding\"><\/i>\t\t\t\t<\/span>\n\t\t\t<\/div>\n\t\t\t\n\t\t\t\t\t\t<div class=\"elementor-icon-box-content\">\n\n\t\t\t\t\t\t\t\t\t<h4 class=\"elementor-icon-box-title\">\n\t\t\t\t\t\t<span  >\n\t\t\t\t\t\t\tLealtad\t\t\t\t\t\t<\/span>\n\t\t\t\t\t<\/h4>\n\t\t\t\t\n\t\t\t\t\n\t\t\t<\/div>\n\t\t\t\n\t\t<\/div>\n\t\t\t\t\t\t<\/div>\n\t\t\t\t<\/div>\n\t\t\t\t<\/div>\n\t\t\t\t<\/div>\n\t\t","protected":false},"excerpt":{"rendered":"<p>Somos una consultor\u00eda de negocios con una probada trayectoria al servicio de organizaciones de alto nivel, incluyendo clientes nacionales e importantes corporaciones multinacionales. A lo largo de los a\u00f1os, nos hemos consolidado como un referente de liderazgo en el sector, gracias a nuestro compromiso inquebrantable con la calidad. Nuestra filosof\u00eda se centra en la atenci\u00f3n a medida: brindamos un servicio profundamente personalizado, entendiendo que cada uno de nuestros socios de negocios enfrenta retos \u00fanicos. Por ello, dise\u00f1amos soluciones estrat\u00e9gicas espec\u00edficas que impulsan su crecimiento, optimizan sus procesos y aseguran el logro de sus metas m\u00e1s ambiciosas. Nuestra Misi\u00f3n Ofrecer una amplia gama de SOLUCIONES integrales que representen un beneficio real para quienes reciban nuestros servicios, con lo cual pueden optimizar y reducir su carga financiera, administrativa y operacional, a trav\u00e9s de un equipo de profesionales especializado. Nuestra Visi\u00f3n Ser la firma l\u00edder de consultores en M\u00e9xico, por especializaci\u00f3n y posicionamiento en el mercado, sirviendo a nuestros socios de negocio con los m\u00e1s altos est\u00e1ndares de calidad y\u00a0 profesionalismo, con el prop\u00f3sito de impulsar el crecimiento empresarial de los mismos. Nuestros Valores Respeto Compromiso . Perseverancia Lealtad<\/p>\n","protected":false},"author":1,"featured_media":0,"parent":0,"menu_order":0,"comment_status":"closed","ping_status":"closed","template":"","meta":{"_eb_attr":"","site-sidebar-layout":"no-sidebar","site-content-layout":"","ast-site-content-layout":"full-width-container","site-content-style":"default","site-sidebar-style":"default","ast-global-header-display":"","ast-banner-title-visibility":"","ast-main-header-display":"","ast-hfb-above-header-display":"","ast-hfb-below-header-display":"","ast-hfb-mobile-header-display":"","site-post-title":"disabled","ast-breadcrumbs-content":"","ast-featured-img":"disabled","footer-sml-layout":"","ast-disable-related-posts":"","theme-transparent-header-meta":"","adv-header-id-meta":"","stick-header-meta":"","header-above-stick-meta":"","header-main-stick-meta":"","header-below-stick-meta":"","astra-migrate-meta-layouts":"default","ast-page-background-enabled":"default","ast-page-background-meta":{"desktop":{"background-color":"var(--ast-global-color-5)","background-image":"","background-repeat":"repeat","background-position":"center center","background-size":"auto","background-attachment":"scroll","background-type":"","background-media":"","overlay-type":"","overlay-color":"","overlay-opacity":"","overlay-gradient":""},"tablet":{"background-color":"","background-image":"","background-repeat":"repeat","background-position":"center center","background-size":"auto","background-attachment":"scroll","background-type":"","background-media":"","overlay-type":"","overlay-color":"","overlay-opacity":"","overlay-gradient":""},"mobile":{"background-color":"","background-image":"","background-repeat":"repeat","background-position":"center center","background-size":"auto","background-attachment":"scroll","background-type":"","background-media":"","overlay-type":"","overlay-color":"","overlay-opacity":"","overlay-gradient":""}},"ast-content-background-meta":{"desktop":{"background-color":"var(--ast-global-color-4)","background-image":"","background-repeat":"repeat","background-position":"center center","background-size":"auto","background-attachment":"scroll","background-type":"","background-media":"","overlay-type":"","overlay-color":"","overlay-opacity":"","overlay-gradient":""},"tablet":{"background-color":"var(--ast-global-color-4)","background-image":"","background-repeat":"repeat","background-position":"center center","background-size":"auto","background-attachment":"scroll","background-type":"","background-media":"","overlay-type":"","overlay-color":"","overlay-opacity":"","overlay-gradient":""},"mobile":{"background-color":"var(--ast-global-color-4)","background-image":"","background-repeat":"repeat","background-position":"center center","background-size":"auto","background-attachment":"scroll","background-type":"","background-media":"","overlay-type":"","overlay-color":"","overlay-opacity":"","overlay-gradient":""}},"footnotes":""},"class_list":["post-93","page","type-page","status-publish","hentry"],"_links":{"self":[{"href":"https:\/\/alcs.com.mx\/index.php\/wp-json\/wp\/v2\/pages\/93","targetHints":{"allow":["GET"]}}],"collection":[{"href":"https:\/\/alcs.com.mx\/index.php\/wp-json\/wp\/v2\/pages"}],"about":[{"href":"https:\/\/alcs.com.mx\/index.php\/wp-json\/wp\/v2\/types\/page"}],"author":[{"embeddable":true,"href":"https:\/\/alcs.com.mx\/index.php\/wp-json\/wp\/v2\/users\/1"}],"replies":[{"embeddable":true,"href":"https:\/\/alcs.com.mx\/index.php\/wp-json\/wp\/v2\/comments?post=93"}],"version-history":[{"count":16,"href":"https:\/\/alcs.com.mx\/index.php\/wp-json\/wp\/v2\/pages\/93\/revisions"}],"predecessor-version":[{"id":282,"href":"https:\/\/alcs.com.mx\/index.php\/wp-json\/wp\/v2\/pages\/93\/revisions\/282"}],"wp:attachment":[{"href":"https:\/\/alcs.com.mx\/index.php\/wp-json\/wp\/v2\/media?parent=93"}],"curies":[{"name":"wp","href":"https:\/\/api.w.org\/{rel}","templated":true}]}}